{"id":3,"date":"2025-04-17T07:07:40","date_gmt":"2025-04-17T07:07:40","guid":{"rendered":"https:\/\/goeasytour.com\/?page_id=3"},"modified":"2026-01-25T00:27:08","modified_gmt":"2026-01-25T08:27:08","slug":"politica-de-privacidad","status":"publish","type":"page","link":"https:\/\/goeasytour.com\/es\/privacy-policy\/","title":{"rendered":"pol\u00edtica de privacidad"},"content":{"rendered":"<p><strong class=\"privacy-policy-tutorial\">\u00daltima actualizaci\u00f3n: 1 de enero de 2026<\/strong><\/p>\n\n\n\n<p>Esta Pol\u00edtica de Privacidad explica c\u00f3mo EasyTour (\u201cnosotros\u201d, \u201cnos\u201d o \u201cnuestro\u201d) recopila, utiliza, divulga y protege sus datos personales cuando visita o utiliza nuestro sitio web: https:\/\/goeasytour.com (el \u201cSitio Web\u201d). Nos comprometemos a proteger su privacidad y a gestionar sus datos personales de forma transparente y legal.<\/p>\n\n\n\n<h2 class=\"wp-block-heading\">Informaci\u00f3n que recopilamos<\/h2>\n\n\n\n<p>Podemos recopilar los siguientes tipos de informaci\u00f3n:<\/p>\n\n\n\n<p>a. Informaci\u00f3n que usted nos proporciona<br>. Comentarios que dejas en el sitio web<br>. Informaci\u00f3n enviada a trav\u00e9s de formularios de contacto o suscripciones a boletines informativos (como nombre y direcci\u00f3n de correo electr\u00f3nico).<br>. Informaci\u00f3n de la cuenta, si se registra en el sitio web<\/p>\n\n\n\n<p>b. Informaci\u00f3n recopilada autom\u00e1ticamente<br>. Direcci\u00f3n IP<br>. Tipo de navegador y agente de usuario<br>. Informaci\u00f3n del dispositivo<br>. P\u00e1ginas visitadas y datos de interacci\u00f3n<\/p>\n\n\n\n<p>Esta informaci\u00f3n nos ayuda a operar el sitio web, mejorar la experiencia del usuario y prevenir fraudes o abusos.<\/p>\n\n\n\n<h2 class=\"wp-block-heading\">Comentarios<\/h2>\n\n\n\n<p>Cuando los visitantes dejan comentarios en el sitio web, recopilamos los datos que se muestran en el formulario de comentarios, as\u00ed como la direcci\u00f3n IP del visitante y la cadena del agente de usuario del navegador para ayudar a detectar spam.<\/p>\n\n\n\n<p>Es posible que se proporcione al servicio Gravatar una cadena an\u00f3nima (tambi\u00e9n llamada hash) creada a partir de su direcci\u00f3n de correo electr\u00f3nico para comprobar si la utiliza. La pol\u00edtica de privacidad del servicio Gravatar est\u00e1 disponible en: https:\/\/automattic.com\/privacy\/<br>Una vez aprobado tu comentario, tu foto de perfil podr\u00e1 ser visible para el p\u00fablico junto con tu comentario.<\/p>\n\n\n\n<h2 class=\"wp-block-heading\">Subidas de medios<\/h2>\n\n\n\n<p>Si sube im\u00e1genes al sitio web, evite incluir datos de ubicaci\u00f3n incrustados (GPS EXIF). Los visitantes del sitio web podr\u00e1n descargar y extraer datos de ubicaci\u00f3n de las im\u00e1genes publicadas.<\/p>\n\n\n\n<h2 class=\"wp-block-heading\">Cookies y tecnolog\u00edas similares<\/h2>\n\n\n\n<p>Utilizamos cookies para mejorar su experiencia en nuestro sitio web.<\/p>\n\n\n\n<p>. Cookies de comentarios: Si dejas un comentario, puedes optar por guardar tu nombre, direcci\u00f3n de correo electr\u00f3nico y sitio web en cookies para mayor comodidad. Estas cookies duran un a\u00f1o.<br>. Cookies de inicio de sesi\u00f3n: Al iniciar sesi\u00f3n, usamos cookies para guardar tus datos de inicio de sesi\u00f3n y mostrar tus preferencias. Las cookies de inicio de sesi\u00f3n duran dos d\u00edas y las de preferencias de pantalla, un a\u00f1o. Si seleccionas &quot;Recordarme&quot;, tu inicio de sesi\u00f3n se conservar\u00e1 durante dos semanas.<br>. Cookies temporales: Se instala una cookie temporal en la p\u00e1gina de inicio de sesi\u00f3n para comprobar si su navegador acepta cookies. No contiene datos personales y se elimina al cerrar el navegador.<br>. Cookies de edici\u00f3n de contenido: si editas o publicas un art\u00edculo, se guardar\u00e1 en tu navegador una cookie que almacena el ID de la publicaci\u00f3n y caducar\u00e1 despu\u00e9s de un d\u00eda.<\/p>\n\n\n\n<p>Puede controlar o desactivar las cookies mediante la configuraci\u00f3n de su navegador. Tenga en cuenta que algunas funciones del sitio web podr\u00edan no funcionar correctamente sin cookies.<\/p>\n\n\n\n<h2 class=\"wp-block-heading\">Contenido incrustado de otros sitios web<\/h2>\n\n\n\n<p>Los art\u00edculos de este sitio web pueden incluir contenido incrustado (como v\u00eddeos, im\u00e1genes o art\u00edculos). El contenido incrustado de otros sitios web se comporta igual que si visitaras directamente el sitio web de terceros.<\/p>\n\n\n\n<p>Estos sitios web de terceros pueden recopilar datos sobre usted, usar cookies, integrar seguimiento adicional y supervisar su interacci\u00f3n con el contenido incrustado, especialmente si tiene una cuenta y ha iniciado sesi\u00f3n en ese sitio web. No controlamos ni nos responsabilizamos de las pr\u00e1cticas de privacidad de dichos sitios web.<\/p>\n\n\n\n<h2 class=\"wp-block-heading\">C\u00f3mo usamos sus datos<\/h2>\n\n\n\n<p>Podemos utilizar sus datos personales para:<br>. Operar, mantener y mejorar el sitio web y nuestros servicios.<br>. Responder a consultas, solicitudes o mensajes de atenci\u00f3n al cliente.<br>. Enviar boletines informativos, correos electr\u00f3nicos promocionales y comunicaciones de marketing a los suscriptores que hayan optado por suscribirse.<br>. Notificarle sobre productos de viaje, servicios, ofertas especiales o actualizaciones relacionadas con EasyTour International Group.<br>. Mejorar la eficacia de nuestro marketing y el rendimiento del sitio web.<br>. Prevenir el spam, el fraude y los problemas de seguridad.<br>. Cumplir con las obligaciones legales y reglamentarias<\/p>\n\n\n\n<p>Puede cancelar su suscripci\u00f3n a los correos electr\u00f3nicos de marketing en cualquier momento haciendo clic en el enlace \u201ccancelar suscripci\u00f3n\u201d incluido en cada correo electr\u00f3nico.<\/p>\n\n\n\n<h2 class=\"wp-block-heading\">Con qui\u00e9n compartimos sus datos<\/h2>\n\n\n\n<p>No vendemos ni alquilamos sus datos personales. Solo podemos compartirlos en las siguientes circunstancias:<\/p>\n\n\n\n<p>. Con proveedores de servicios que nos ayudan a operar el sitio web (como servicios de detecci\u00f3n de spam o de correo electr\u00f3nico).<br>. Si solicita un restablecimiento de contrase\u00f1a, su direcci\u00f3n IP se incluir\u00e1 en el correo electr\u00f3nico de restablecimiento.<br>. Cuando sea necesario para cumplir con obligaciones legales o solicitudes leg\u00edtimas de las autoridades.<\/p>\n\n\n\n<h2 class=\"wp-block-heading\">Cu\u00e1nto tiempo conservamos sus datos<\/h2>\n\n\n\n<p>. Los comentarios y metadatos relacionados pueden conservarse indefinidamente para permitir la aprobaci\u00f3n autom\u00e1tica de comentarios posteriores.<br>. De los usuarios registrados (si los hay), almacenamos la informaci\u00f3n personal proporcionada en sus perfiles. Esta informaci\u00f3n se conserva mientras la cuenta permanezca activa o seg\u00fan lo exija la ley.<\/p>\n\n\n\n<h2 class=\"wp-block-heading\">Sus derechos de protecci\u00f3n de datos<\/h2>\n\n\n\n<p>Dependiendo de su ubicaci\u00f3n, usted puede tener derecho a:<\/p>\n\n\n\n<p>. Solicitar acceso a los datos personales que tenemos sobre usted<br>. Solicitar la correcci\u00f3n o eliminaci\u00f3n de sus datos personales<br>. Solicitar una copia (exportaci\u00f3n) de sus datos personales<br>. Oponerse o restringir determinadas actividades de procesamiento<br>. Retirar el consentimiento cuando el tratamiento se base en el consentimiento.<\/p>\n\n\n\n<p>Para ejercer estos derechos, p\u00f3ngase en contacto con nosotros utilizando los datos facilitados anteriormente. Podremos conservar determinados datos cuando sea necesario para fines administrativos, legales o de seguridad.<\/p>\n\n\n\n<h2 class=\"wp-block-heading\">Transferencias internacionales de datos<\/h2>\n\n\n\n<p>Nuestros principales proveedores de operaciones y servicios se encuentran en Norteam\u00e9rica, incluyendo Estados Unidos, Canad\u00e1 y M\u00e9xico. Si accede al Sitio Web desde fuera de estas regiones, sus datos personales podr\u00edan transferirse y procesarse en estos pa\u00edses. Tomamos medidas razonables para garantizar que cualquier transferencia internacional de datos cumpla con la legislaci\u00f3n aplicable en materia de protecci\u00f3n de datos y que su informaci\u00f3n permanezca protegida.<\/p>\n\n\n\n<h2 class=\"wp-block-heading\">Privacidad de los ni\u00f1os<\/h2>\n\n\n\n<p>El Sitio Web no est\u00e1 dirigido a menores de 13 a\u00f1os (o la edad m\u00ednima exigida por la legislaci\u00f3n aplicable). No recopilamos deliberadamente datos personales de menores. Si cree que un menor nos ha proporcionado datos personales, p\u00f3ngase en contacto con nosotros para que podamos tomar las medidas pertinentes.<\/p>\n\n\n\n<h2 class=\"wp-block-heading\">Pagos y Tienda Online<\/h2>\n\n\n\n<p>Es posible que implementemos una tienda en l\u00ednea y funciones de procesamiento de pagos en el futuro. Cuando esto ocurra, los pagos se procesar\u00e1n de forma segura mediante procesadores de pago externos. No almacenaremos la informaci\u00f3n completa de su tarjeta de cr\u00e9dito ni de su pago en nuestros servidores. Todos los datos personales relacionados con los pagos se gestionar\u00e1n de acuerdo con esta Pol\u00edtica de Privacidad y las pol\u00edticas de privacidad de los proveedores de servicios de pago correspondientes.<\/p>\n\n\n\n<h2 class=\"wp-block-heading\">Cambios a esta Pol\u00edtica de Privacidad<\/h2>\n\n\n\n<p>Podemos actualizar esta Pol\u00edtica de Privacidad peri\u00f3dicamente para reflejar cambios en el desarrollo legal, t\u00e9cnico o comercial. Cualquier actualizaci\u00f3n se publicar\u00e1 en esta p\u00e1gina con la fecha de &quot;\u00daltima actualizaci\u00f3n&quot; revisada.<\/p>\n\n\n\n<p>Le recomendamos que revise esta Pol\u00edtica de Privacidad peri\u00f3dicamente.<\/p>\n\n\n\n<p><\/p>","protected":false},"excerpt":{"rendered":"<p>Last updated: January 1, 2026 This Privacy Policy explains how EasyTour (&#8220;we,&#8221; &#8220;us,&#8221; or &#8220;our&#8221;) collects, uses, discloses, and protects your personal data when you visit or use our website: https:\/\/goeasytour.com (the &#8220;Website&#8221;). We are committed to protecting your privacy and handling your personal data in a transparent and lawful manner. Information We Collect We [&hellip;]<\/p>\n","protected":false},"author":1,"featured_media":0,"parent":0,"menu_order":0,"comment_status":"closed","ping_status":"closed","template":"","meta":{"jnews_page_loop":[],"jnews_single_page":[],"jnews_social_meta":[],"footnotes":""},"class_list":["post-3","page","type-page","status-publish","hentry"],"_links":{"self":[{"href":"https:\/\/goeasytour.com\/es\/wp-json\/wp\/v2\/pages\/3","targetHints":{"allow":["GET"]}}],"collection":[{"href":"https:\/\/goeasytour.com\/es\/wp-json\/wp\/v2\/pages"}],"about":[{"href":"https:\/\/goeasytour.com\/es\/wp-json\/wp\/v2\/types\/page"}],"author":[{"embeddable":true,"href":"https:\/\/goeasytour.com\/es\/wp-json\/wp\/v2\/users\/1"}],"replies":[{"embeddable":true,"href":"https:\/\/goeasytour.com\/es\/wp-json\/wp\/v2\/comments?post=3"}],"version-history":[{"count":2,"href":"https:\/\/goeasytour.com\/es\/wp-json\/wp\/v2\/pages\/3\/revisions"}],"predecessor-version":[{"id":7122,"href":"https:\/\/goeasytour.com\/es\/wp-json\/wp\/v2\/pages\/3\/revisions\/7122"}],"wp:attachment":[{"href":"https:\/\/goeasytour.com\/es\/wp-json\/wp\/v2\/media?parent=3"}],"curies":[{"name":"wp","href":"https:\/\/api.w.org\/{rel}","templated":true}]}}